{"id":22,"date":"2020-08-08T22:28:19","date_gmt":"2020-08-09T01:28:19","guid":{"rendered":"http:\/\/www.oceano-azul.com.ar\/oceanoazul\/?page_id=22"},"modified":"2022-05-19T09:06:33","modified_gmt":"2022-05-19T12:06:33","slug":"proyectos","status":"publish","type":"page","link":"https:\/\/www.oceano-azul.com.ar\/oceanoazul\/proyectos\/","title":{"rendered":"Capacitaci\u00f3n"},"content":{"rendered":"\n<div class=\"wp-block-image is-style-rounded\"><figure class=\"alignleft is-resized\"><img loading=\"lazy\" decoding=\"async\" src=\"https:\/\/lh5.googleusercontent.com\/bJMgBtM-lql_lluTkHyFx7ofvZIy1ljZFalBdV4l7TRSr1Zz0P10omAWvefOJETMx9-kXrwfOhxJ4cObPTFyLEoG51uECPZ3PF3t4MznPeIhSRlJQN105L9WHgr1uh7HdaaSYtRU\" alt=\"\" width=\"256\" height=\"154\"\/><\/figure><\/div>\n\n\n\n<p>El sistema productivo ha vivido las llamadas \u201cRevoluciones Industriales\u201d y \u00e9sto ha mostrado c\u00f3mo las personas han tenido que ir modificando sus habilidades para poder acompa\u00f1ar esa transformaci\u00f3n.<\/p>\n\n\n\n<p><\/p>\n\n\n\n<p>El mayor activo del siglo XXI es el \u201cConocimiento\u201d, es por ello que en las organizaciones debemos de incentivar y capacitar a nuestras personas para poder ser m\u00e1s competitivos.<\/p>\n\n\n\n<p><\/p>\n\n\n\n<h2 class=\"wp-block-heading\">JORNADAS DE FORMACI\u00d3N<\/h2>\n\n\n\n<div class=\"wp-block-image is-style-rounded\"><figure class=\"alignright size-full is-resized\"><img loading=\"lazy\" decoding=\"async\" src=\"https:\/\/www.oceano-azul.com.ar\/oceanoazul\/wp-content\/uploads\/2022\/05\/1-Capacitacion.jpg\" alt=\"\" class=\"wp-image-630\" width=\"375\" height=\"250\" srcset=\"https:\/\/www.oceano-azul.com.ar\/oceanoazul\/wp-content\/uploads\/2022\/05\/1-Capacitacion.jpg 750w, https:\/\/www.oceano-azul.com.ar\/oceanoazul\/wp-content\/uploads\/2022\/05\/1-Capacitacion-300x200.jpg 300w\" sizes=\"auto, (max-width: 375px) 100vw, 375px\" \/><\/figure><\/div>\n\n\n\n<p>Preparamos capacitaciones atendiendo a la necesidad de cada empresa, buscando construir el conocimiento necesario para llevar adelante de manera innovadora y eficiente las actividades diarias.<\/p>\n\n\n\n<p>Brindamos soporte presencial y on line para facilitar la continuidad de la formaci\u00f3n.\u00a0<\/p>\n\n\n\n<h2 class=\"wp-block-heading\">ALGUNAS TEM\u00c1TICAS<\/h2>\n\n\n\n<h3 class=\"wp-block-heading\"><strong>Negociaci\u00f3n<\/strong><\/h3>\n\n\n\n<p>El concepto de negociaci\u00f3n, abarca todos los \u00e1mbitos del relacionamiento entre las personas.<\/p>\n\n\n\n<p>No s\u00f3lo se est\u00e1 negociando cuando hay una relaci\u00f3n comercial, (si bien es el concepto m\u00e1s generalizado de negociaci\u00f3n) sino que la vida es una negociaci\u00f3n permanente y en ese sentido, una variedad de habilidades negociadoras son importantes para desempe\u00f1arse con \u00e9xito.<\/p>\n\n\n\n<p>Conocer el proceso  de negociaci\u00f3n  ayuda a las personas a un mejor y m\u00e1s efectivo manejo de los conflictos pudiendo aplicar una metodolog\u00eda en dicho proceso.<\/p>\n\n\n\n<h3 class=\"wp-block-heading\"><strong>El \u00e1rea de compras<\/strong><\/h3>\n\n\n\n<p>La importancia del Departamento de Compras creci\u00f3 mucho en los \u00faltimos a\u00f1os. Lo que antes era un simple departamento, ahora es parte de la estrategia de las organizaciones. <\/p>\n\n\n\n<p>La buena administraci\u00f3n de las compras es fundamental para las empresas. Es determinante no s\u00f3lo para la competitividad, sino tambi\u00e9n para la permanencia de la empresa en el mercado. Peque\u00f1as reducciones en el costo de las adquisiciones pueden reflejar positivamente en los beneficios de la organizaci\u00f3n.<\/p>\n","protected":false},"excerpt":{"rendered":"<p>El sistema productivo ha vivido las llamadas \u201cRevoluciones Industriales\u201d y \u00e9sto ha mostrado c\u00f3mo las personas han tenido que ir modificando sus habilidades para poder acompa\u00f1ar esa transformaci\u00f3n. El mayor activo del siglo XXI es el \u201cConocimiento\u201d, es por ello que en las organizaciones debemos de incentivar y capacitar a nuestras personas para poder ser &hellip; <\/p>\n<p class=\"link-more\"><a href=\"https:\/\/www.oceano-azul.com.ar\/oceanoazul\/proyectos\/\" class=\"more-link\">Segu\u00ed leyendo<span class=\"screen-reader-text\"> &#8220;Capacitaci\u00f3n&#8221;<\/span><\/a><\/p>\n","protected":false},"author":2,"featured_media":0,"parent":0,"menu_order":0,"comment_status":"closed","ping_status":"closed","template":"","meta":{"footnotes":""},"class_list":["post-22","page","type-page","status-publish","hentry"],"_links":{"self":[{"href":"https:\/\/www.oceano-azul.com.ar\/oceanoazul\/wp-json\/wp\/v2\/pages\/22","targetHints":{"allow":["GET"]}}],"collection":[{"href":"https:\/\/www.oceano-azul.com.ar\/oceanoazul\/wp-json\/wp\/v2\/pages"}],"about":[{"href":"https:\/\/www.oceano-azul.com.ar\/oceanoazul\/wp-json\/wp\/v2\/types\/page"}],"author":[{"embeddable":true,"href":"https:\/\/www.oceano-azul.com.ar\/oceanoazul\/wp-json\/wp\/v2\/users\/2"}],"replies":[{"embeddable":true,"href":"https:\/\/www.oceano-azul.com.ar\/oceanoazul\/wp-json\/wp\/v2\/comments?post=22"}],"version-history":[{"count":12,"href":"https:\/\/www.oceano-azul.com.ar\/oceanoazul\/wp-json\/wp\/v2\/pages\/22\/revisions"}],"predecessor-version":[{"id":631,"href":"https:\/\/www.oceano-azul.com.ar\/oceanoazul\/wp-json\/wp\/v2\/pages\/22\/revisions\/631"}],"wp:attachment":[{"href":"https:\/\/www.oceano-azul.com.ar\/oceanoazul\/wp-json\/wp\/v2\/media?parent=22"}],"curies":[{"name":"wp","href":"https:\/\/api.w.org\/{rel}","templated":true}]}}