{"id":437,"date":"2021-05-25T11:40:28","date_gmt":"2021-05-25T14:40:28","guid":{"rendered":"http:\/\/www.oceano-azul.com.ar\/oceanoazul\/?page_id=437"},"modified":"2021-06-01T13:10:55","modified_gmt":"2021-06-01T16:10:55","slug":"blog-en-grilla","status":"publish","type":"page","link":"https:\/\/www.oceano-azul.com.ar\/oceanoazul\/blog-en-grilla\/","title":{"rendered":"Blog"},"content":{"rendered":"\n<div class=\"pt-cv-wrapper\"><div class=\"pt-cv-view pt-cv-grid pt-cv-colsys\" id=\"pt-cv-view-057e892v6z\"><div data-id=\"pt-cv-page-1\" class=\"pt-cv-page\" data-cvc=\"3\"><div class=\"col-md-4 col-sm-6 col-xs-12 pt-cv-content-item pt-cv-1-col\" ><div class='pt-cv-ifield'><a href=\"https:\/\/www.oceano-azul.com.ar\/oceanoazul\/2022\/04\/24\/como-pensar-como-leonardo-davinci-7-principios-para-desarrollar-creatividad\/\" class=\"_self pt-cv-href-thumbnail pt-cv-thumb-default\" target=\"_self\" ><img loading=\"lazy\" decoding=\"async\" width=\"248\" height=\"300\" src=\"https:\/\/www.oceano-azul.com.ar\/oceanoazul\/wp-content\/uploads\/2022\/04\/Libro-leonardo-da-vinci.jpg\" class=\"pt-cv-thumbnail\" alt=\"\" sizes=\"auto, 100vw\" \/><\/a>\n<h4 class=\"pt-cv-title\"><a href=\"https:\/\/www.oceano-azul.com.ar\/oceanoazul\/2022\/04\/24\/como-pensar-como-leonardo-davinci-7-principios-para-desarrollar-creatividad\/\" class=\"_self\" target=\"_self\" >\u201cC\u00f3mo pensar como Leonardo da Vinci\u201d, 7 principios para desarrollar creatividad<\/a><\/h4>\n<div class=\"pt-cv-content\">\"El cerebro no es un vaso por llenar, sino una l\u00e1mpara por encender\". Plutarco C\u00f3mo cambiamos el mindset para pensar ...<br \/><div class=\"pt-cv-rmwrap\"><a href=\"https:\/\/www.oceano-azul.com.ar\/oceanoazul\/2022\/04\/24\/como-pensar-como-leonardo-davinci-7-principios-para-desarrollar-creatividad\/\" class=\"_self pt-cv-readmore btn btn-success\" target=\"_self\">Leer M\u00e1s<\/a><\/div><\/div><\/div><\/div>\n<div class=\"col-md-4 col-sm-6 col-xs-12 pt-cv-content-item pt-cv-1-col\" ><div class='pt-cv-ifield'><a href=\"https:\/\/www.oceano-azul.com.ar\/oceanoazul\/2021\/12\/12\/pensamiento-analitico-lo-que-debes-saber-para-aplicarlo\/\" class=\"_self pt-cv-href-thumbnail pt-cv-thumb-default\" target=\"_self\" ><img loading=\"lazy\" decoding=\"async\" width=\"281\" height=\"291\" src=\"https:\/\/www.oceano-azul.com.ar\/oceanoazul\/wp-content\/uploads\/2021\/12\/albert-einstein.jpg\" class=\"pt-cv-thumbnail\" alt=\"\" sizes=\"auto, 100vw\" \/><\/a>\n<h4 class=\"pt-cv-title\"><a href=\"https:\/\/www.oceano-azul.com.ar\/oceanoazul\/2021\/12\/12\/pensamiento-analitico-lo-que-debes-saber-para-aplicarlo\/\" class=\"_self\" target=\"_self\" >Pensamiento anal\u00edtico, lo que debes saber para aplicarlo<\/a><\/h4>\n<div class=\"pt-cv-content\">\"Lo importante es no dejar nunca de preguntar. La curiosidad tiene sus propias razones para existir\" Albert Einstein Has estado ...<br \/><div class=\"pt-cv-rmwrap\"><a href=\"https:\/\/www.oceano-azul.com.ar\/oceanoazul\/2021\/12\/12\/pensamiento-analitico-lo-que-debes-saber-para-aplicarlo\/\" class=\"_self pt-cv-readmore btn btn-success\" target=\"_self\">Leer M\u00e1s<\/a><\/div><\/div><\/div><\/div>\n<div class=\"col-md-4 col-sm-6 col-xs-12 pt-cv-content-item pt-cv-1-col\" ><div class='pt-cv-ifield'><a href=\"https:\/\/www.oceano-azul.com.ar\/oceanoazul\/2021\/10\/16\/8-pasos-con-herramientas-para-crear-tu-marca-personal-por-andrea-pereyra\/\" class=\"_self pt-cv-href-thumbnail pt-cv-thumb-default\" target=\"_self\" ><img loading=\"lazy\" decoding=\"async\" width=\"300\" height=\"300\" src=\"https:\/\/www.oceano-azul.com.ar\/oceanoazul\/wp-content\/uploads\/2021\/10\/BOB-MARLEY-2-300x300.png\" class=\"pt-cv-thumbnail\" alt=\"\" srcset=\"https:\/\/www.oceano-azul.com.ar\/oceanoazul\/wp-content\/uploads\/2021\/10\/BOB-MARLEY-2-300x300.png 300w, https:\/\/www.oceano-azul.com.ar\/oceanoazul\/wp-content\/uploads\/2021\/10\/BOB-MARLEY-2-1024x1024.png 1024w, https:\/\/www.oceano-azul.com.ar\/oceanoazul\/wp-content\/uploads\/2021\/10\/BOB-MARLEY-2-150x150.png 150w, https:\/\/www.oceano-azul.com.ar\/oceanoazul\/wp-content\/uploads\/2021\/10\/BOB-MARLEY-2-768x768.png 768w, https:\/\/www.oceano-azul.com.ar\/oceanoazul\/wp-content\/uploads\/2021\/10\/BOB-MARLEY-2-100x100.png 100w, https:\/\/www.oceano-azul.com.ar\/oceanoazul\/wp-content\/uploads\/2021\/10\/BOB-MARLEY-2-e1634412385850.png 350w\" sizes=\"auto, 100vw\" \/><\/a>\n<h4 class=\"pt-cv-title\"><a href=\"https:\/\/www.oceano-azul.com.ar\/oceanoazul\/2021\/10\/16\/8-pasos-con-herramientas-para-crear-tu-marca-personal-por-andrea-pereyra\/\" class=\"_self\" target=\"_self\" >8 pasos con herramientas para crear tu marca personal por Andrea Pereyra<\/a><\/h4>\n<div class=\"pt-cv-content\">Marley sigue siendo el m\u00e1s conocido y respetado int\u00e9rprete de la m\u00fasica \u201cReggae\u201d y es acreditado por ayudar a difundir ...<br \/><div class=\"pt-cv-rmwrap\"><a href=\"https:\/\/www.oceano-azul.com.ar\/oceanoazul\/2021\/10\/16\/8-pasos-con-herramientas-para-crear-tu-marca-personal-por-andrea-pereyra\/\" class=\"_self pt-cv-readmore btn btn-success\" target=\"_self\">Leer M\u00e1s<\/a><\/div><\/div><\/div><\/div>\n<div class=\"col-md-4 col-sm-6 col-xs-12 pt-cv-content-item pt-cv-1-col\" ><div class='pt-cv-ifield'><a href=\"https:\/\/www.oceano-azul.com.ar\/oceanoazul\/2021\/06\/05\/cuando-hablamos-de-competencias-de-las-personas-de-que-hablamos-por-andrea-pereyra\/\" class=\"_self pt-cv-href-thumbnail pt-cv-thumb-default\" target=\"_self\" ><img loading=\"lazy\" decoding=\"async\" width=\"300\" height=\"200\" src=\"https:\/\/www.oceano-azul.com.ar\/oceanoazul\/wp-content\/uploads\/2021\/06\/Sperson-731243_960_720-pixabay-300x200.jpg\" class=\"pt-cv-thumbnail\" alt=\"\" srcset=\"https:\/\/www.oceano-azul.com.ar\/oceanoazul\/wp-content\/uploads\/2021\/06\/Sperson-731243_960_720-pixabay-300x200.jpg 300w, https:\/\/www.oceano-azul.com.ar\/oceanoazul\/wp-content\/uploads\/2021\/06\/Sperson-731243_960_720-pixabay.jpg 600w\" sizes=\"auto, 100vw\" \/><\/a>\n<h4 class=\"pt-cv-title\"><a href=\"https:\/\/www.oceano-azul.com.ar\/oceanoazul\/2021\/06\/05\/cuando-hablamos-de-competencias-de-las-personas-de-que-hablamos-por-andrea-pereyra\/\" class=\"_self\" target=\"_self\" >Cuando hablamos de competencias de las personas \u00bfde qu\u00e9 hablamos? por Andrea Pereyra<\/a><\/h4>\n<div class=\"pt-cv-content\">\u201cSi quer\u00e9s llegar donde la mayor\u00eda no llega, necesitas hacer lo que la mayor\u00eda no hace\u201d (An\u00f3nimo) En la b\u00fasqueda ...<br \/><div class=\"pt-cv-rmwrap\"><a href=\"https:\/\/www.oceano-azul.com.ar\/oceanoazul\/2021\/06\/05\/cuando-hablamos-de-competencias-de-las-personas-de-que-hablamos-por-andrea-pereyra\/\" class=\"_self pt-cv-readmore btn btn-success\" target=\"_self\">Leer M\u00e1s<\/a><\/div><\/div><\/div><\/div>\n<div class=\"col-md-4 col-sm-6 col-xs-12 pt-cv-content-item pt-cv-1-col\" ><div class='pt-cv-ifield'><a href=\"https:\/\/www.oceano-azul.com.ar\/oceanoazul\/2021\/05\/21\/lo-que-nadie-te-dice-antes-de-empezar-un-curriculum-vitae\/\" class=\"_self pt-cv-href-thumbnail pt-cv-thumb-default\" target=\"_self\" ><img loading=\"lazy\" decoding=\"async\" width=\"300\" height=\"225\" src=\"https:\/\/www.oceano-azul.com.ar\/oceanoazul\/wp-content\/uploads\/2021\/05\/600CV-300x225.png\" class=\"pt-cv-thumbnail\" alt=\"\" srcset=\"https:\/\/www.oceano-azul.com.ar\/oceanoazul\/wp-content\/uploads\/2021\/05\/600CV-300x225.png 300w, https:\/\/www.oceano-azul.com.ar\/oceanoazul\/wp-content\/uploads\/2021\/05\/600CV.png 600w\" sizes=\"auto, 100vw\" \/><\/a>\n<h4 class=\"pt-cv-title\"><a href=\"https:\/\/www.oceano-azul.com.ar\/oceanoazul\/2021\/05\/21\/lo-que-nadie-te-dice-antes-de-empezar-un-curriculum-vitae\/\" class=\"_self\" target=\"_self\" >Lo que nadie te dice antes de empezar un Curr\u00edculum Vitae por Gal\u00e9 Guzm\u00e1n<\/a><\/h4>\n<div class=\"pt-cv-content\">Buscar trabajo u oportunidades laborales requiere de esfuerzo, tiempo, autoconocimiento y estrategia. Es trabajo buscar trabajo. Y la verdad que ...<br \/><div class=\"pt-cv-rmwrap\"><a href=\"https:\/\/www.oceano-azul.com.ar\/oceanoazul\/2021\/05\/21\/lo-que-nadie-te-dice-antes-de-empezar-un-curriculum-vitae\/\" class=\"_self pt-cv-readmore btn btn-success\" target=\"_self\">Leer M\u00e1s<\/a><\/div><\/div><\/div><\/div>\n<div class=\"col-md-4 col-sm-6 col-xs-12 pt-cv-content-item pt-cv-1-col\" ><div class='pt-cv-ifield'><a href=\"https:\/\/www.oceano-azul.com.ar\/oceanoazul\/2021\/04\/16\/equipos-sustentables-los-construimos-realmente-por-mauricio-ballesteros\/\" class=\"_self pt-cv-href-thumbnail pt-cv-thumb-default\" target=\"_self\" ><img loading=\"lazy\" decoding=\"async\" width=\"300\" height=\"200\" src=\"https:\/\/www.oceano-azul.com.ar\/oceanoazul\/wp-content\/uploads\/2021\/05\/600pexels-rodnae-productions-7551760-1-300x200.jpg\" class=\"pt-cv-thumbnail\" alt=\"\" srcset=\"https:\/\/www.oceano-azul.com.ar\/oceanoazul\/wp-content\/uploads\/2021\/05\/600pexels-rodnae-productions-7551760-1-300x200.jpg 300w, https:\/\/www.oceano-azul.com.ar\/oceanoazul\/wp-content\/uploads\/2021\/05\/600pexels-rodnae-productions-7551760-1.jpg 676w\" sizes=\"auto, 100vw\" \/><\/a>\n<h4 class=\"pt-cv-title\"><a href=\"https:\/\/www.oceano-azul.com.ar\/oceanoazul\/2021\/04\/16\/equipos-sustentables-los-construimos-realmente-por-mauricio-ballesteros\/\" class=\"_self\" target=\"_self\" >EQUIPOS SUSTENTABLES, los construimos realmente?, por Mauricio Ballesteros<\/a><\/h4>\n<div class=\"pt-cv-content\">\u201cReunirse es un comienzo; permanecer juntos es un progreso; trabajar juntos constituye el \u00e9xito\u201d(Henry Ford) Seguramente hemos le\u00eddo infinidad de ...<br \/><div class=\"pt-cv-rmwrap\"><a href=\"https:\/\/www.oceano-azul.com.ar\/oceanoazul\/2021\/04\/16\/equipos-sustentables-los-construimos-realmente-por-mauricio-ballesteros\/\" class=\"_self pt-cv-readmore btn btn-success\" target=\"_self\">Leer M\u00e1s<\/a><\/div><\/div><\/div><\/div><\/div><\/div>\n<div class=\" pt-cv-pagination-wrapper\"><ul class=\"pt-cv-pagination pt-cv-ajax pagination\" data-totalpages=\"3\" data-currentpage=\"1\" data-sid=\"057e892v6z\" data-unid=\"\" data-isblock=\"\" data-postid=\"\"><li class=\"active\"><a href=\"#\">1<\/a><\/li>\n\t<li ><a class=\"\" href=\"https:\/\/www.oceano-azul.com.ar\/oceanoazul\/wp-json\/wp\/v2\/pages\/437\/?_page=2\">2<\/a><\/li>\n\t<li ><a class=\"\" href=\"https:\/\/www.oceano-azul.com.ar\/oceanoazul\/wp-json\/wp\/v2\/pages\/437\/?_page=3\">3<\/a><\/li>\n\t<li ><a class=\" \" href=\"https:\/\/www.oceano-azul.com.ar\/oceanoazul\/wp-json\/wp\/v2\/pages\/437\/?_page=2\">&rsaquo;<\/a><\/li>\n\t<\/ul><img loading=\"lazy\" decoding=\"async\" width=\"15\" height=\"15\" class=\"pt-cv-spinner\" alt=\"Loading...\" src=\"data:image\/gif;base64,R0lGODlhDwAPALMPAMrKygwMDJOTkz09PZWVla+vr3p6euTk5M7OzuXl5TMzMwAAAJmZmWZmZszMzP\/\/\/yH\/C05FVFNDQVBFMi4wAwEAAAAh+QQFCgAPACwAAAAADwAPAAAEQvDJaZaZOIcV8iQK8VRX4iTYoAwZ4iCYoAjZ4RxejhVNoT+mRGP4cyF4Pp0N98sBGIBMEMOotl6YZ3S61Bmbkm4mAgAh+QQFCgAPACwAAAAADQANAAAENPDJSRSZeA418itN8QiK8BiLITVsFiyBBIoYqnoewAD4xPw9iY4XLGYSjkQR4UAUD45DLwIAIfkEBQoADwAsAAAAAA8ACQAABC\/wyVlamTi3nSdgwFNdhEJgTJoNyoB9ISYoQmdjiZPcj7EYCAeCF1gEDo4Dz2eIAAAh+QQFCgAPACwCAAAADQANAAAEM\/DJBxiYeLKdX3IJZT1FU0iIg2RNKx3OkZVnZ98ToRD4MyiDnkAh6BkNC0MvsAj0kMpHBAAh+QQFCgAPACwGAAAACQAPAAAEMDC59KpFDll73HkAA2wVY5KgiK5b0RRoI6MuzG6EQqCDMlSGheEhUAgqgUUAFRySIgAh+QQFCgAPACwCAAIADQANAAAEM\/DJKZNLND\/kkKaHc3xk+QAMYDKsiaqmZCxGVjSFFCxB1vwy2oOgIDxuucxAMTAJFAJNBAAh+QQFCgAPACwAAAYADwAJAAAEMNAs86q1yaWwwv2Ig0jUZx3OYa4XoRAfwADXoAwfo1+CIjyFRuEho60aSNYlOPxEAAAh+QQFCgAPACwAAAIADQANAAAENPA9s4y8+IUVcqaWJ4qEQozSoAzoIyhCK2NFU2SJk0hNnyEOhKR2AzAAj4Pj4GE4W0bkJQIAOw==\" \/><div class=\"clear pt-cv-clear-pagination\"><\/div><\/div><\/div>\n","protected":false},"excerpt":{"rendered":"","protected":false},"author":2,"featured_media":0,"parent":0,"menu_order":0,"comment_status":"closed","ping_status":"closed","template":"","meta":{"footnotes":""},"class_list":["post-437","page","type-page","status-publish","hentry"],"_links":{"self":[{"href":"https:\/\/www.oceano-azul.com.ar\/oceanoazul\/wp-json\/wp\/v2\/pages\/437","targetHints":{"allow":["GET"]}}],"collection":[{"href":"https:\/\/www.oceano-azul.com.ar\/oceanoazul\/wp-json\/wp\/v2\/pages"}],"about":[{"href":"https:\/\/www.oceano-azul.com.ar\/oceanoazul\/wp-json\/wp\/v2\/types\/page"}],"author":[{"embeddable":true,"href":"https:\/\/www.oceano-azul.com.ar\/oceanoazul\/wp-json\/wp\/v2\/users\/2"}],"replies":[{"embeddable":true,"href":"https:\/\/www.oceano-azul.com.ar\/oceanoazul\/wp-json\/wp\/v2\/comments?post=437"}],"version-history":[{"count":2,"href":"https:\/\/www.oceano-azul.com.ar\/oceanoazul\/wp-json\/wp\/v2\/pages\/437\/revisions"}],"predecessor-version":[{"id":487,"href":"https:\/\/www.oceano-azul.com.ar\/oceanoazul\/wp-json\/wp\/v2\/pages\/437\/revisions\/487"}],"wp:attachment":[{"href":"https:\/\/www.oceano-azul.com.ar\/oceanoazul\/wp-json\/wp\/v2\/media?parent=437"}],"curies":[{"name":"wp","href":"https:\/\/api.w.org\/{rel}","templated":true}]}}