{"id":47,"date":"2020-08-12T12:48:03","date_gmt":"2020-08-12T15:48:03","guid":{"rendered":"http:\/\/www.oceano-azul.com.ar\/oceanoazul\/?page_id=47"},"modified":"2020-09-29T07:50:00","modified_gmt":"2020-09-29T10:50:00","slug":"que-es-oceano-azul","status":"publish","type":"page","link":"https:\/\/www.oceano-azul.com.ar\/oceanoazul\/","title":{"rendered":"\u00bfQu\u00e9 es Oc\u00e9ano Azul?"},"content":{"rendered":"\n<p>Oc\u00e9ano Azul es un espacio \u00fanico y exclusivo, para toda persona que desee crecer, evolucionar y caminar hacia sus prop\u00f3sitos de vida. Juntos recorremos el camino profesional compartiendo, conversando, colaborando e intercambiando pr\u00e1cticas y criterios.\u00a0<\/p>\n\n\n\n<p>El Oc\u00e9ano Azul, esa masa de agua donde el horizonte no parece tener fin y&nbsp; sin embargo, esconde todo un universo de vida y de estados. La estrategia que define aquel espacio del mercado, que a\u00fan no ha sido encontrado y que por consiguiente generar\u00e1 una oportunidad para el crecimiento.<\/p>\n\n\n\n<p>Los surfistas buscan lograr domar la bravura, esa rebeld\u00eda de aquel oc\u00e9ano que rompe con la furia y fuerza, con sus olas sobre la orilla.<\/p>\n\n\n\n<p>Los buzos miran m\u00e1s all\u00e1 y se adentran en su inmensidad, en su calma y tranquilidad. Y de all\u00ed buscan encontrar su coraz\u00f3n&#8230; Su profundidad&#8230; encontrar\u00a0 otro mundo, otro ecosistema, nuevas riquezas.\u00a0<\/p>\n\n\n\n<p>Buceando en la profundidad de ese oc\u00e9ano, bravo por fuera y calmo por dentro, encontrando cosas diferentes; cosas que a simple vista no se pueden ver. Nos identificamos con esos buzos en b\u00fasqueda constante de cosas nuevas, innovadoras e inimaginables&#8230;<\/p>\n\n\n\n<p>Bienvenido a la Comunidad Oc\u00e9ano Azul. \u00a1Forma parte!<\/p>\n","protected":false},"excerpt":{"rendered":"<p>Oc\u00e9ano Azul es un espacio \u00fanico y exclusivo, para toda persona que desee crecer, evolucionar y caminar hacia sus prop\u00f3sitos de vida. Juntos recorremos el camino profesional compartiendo, conversando, colaborando e intercambiando pr\u00e1cticas y criterios.\u00a0 El Oc\u00e9ano Azul, esa masa de agua donde el horizonte no parece tener fin y&nbsp; sin embargo, esconde todo un &hellip; <\/p>\n<p class=\"link-more\"><a href=\"https:\/\/www.oceano-azul.com.ar\/oceanoazul\/\" class=\"more-link\">Segu\u00ed leyendo<span class=\"screen-reader-text\"> &#8220;\u00bfQu\u00e9 es Oc\u00e9ano Azul?&#8221;<\/span><\/a><\/p>\n","protected":false},"author":3,"featured_media":0,"parent":0,"menu_order":0,"comment_status":"closed","ping_status":"closed","template":"","meta":{"footnotes":""},"class_list":["post-47","page","type-page","status-publish","hentry"],"_links":{"self":[{"href":"https:\/\/www.oceano-azul.com.ar\/oceanoazul\/wp-json\/wp\/v2\/pages\/47","targetHints":{"allow":["GET"]}}],"collection":[{"href":"https:\/\/www.oceano-azul.com.ar\/oceanoazul\/wp-json\/wp\/v2\/pages"}],"about":[{"href":"https:\/\/www.oceano-azul.com.ar\/oceanoazul\/wp-json\/wp\/v2\/types\/page"}],"author":[{"embeddable":true,"href":"https:\/\/www.oceano-azul.com.ar\/oceanoazul\/wp-json\/wp\/v2\/users\/3"}],"replies":[{"embeddable":true,"href":"https:\/\/www.oceano-azul.com.ar\/oceanoazul\/wp-json\/wp\/v2\/comments?post=47"}],"version-history":[{"count":9,"href":"https:\/\/www.oceano-azul.com.ar\/oceanoazul\/wp-json\/wp\/v2\/pages\/47\/revisions"}],"predecessor-version":[{"id":192,"href":"https:\/\/www.oceano-azul.com.ar\/oceanoazul\/wp-json\/wp\/v2\/pages\/47\/revisions\/192"}],"wp:attachment":[{"href":"https:\/\/www.oceano-azul.com.ar\/oceanoazul\/wp-json\/wp\/v2\/media?parent=47"}],"curies":[{"name":"wp","href":"https:\/\/api.w.org\/{rel}","templated":true}]}}