{"id":517,"date":"2021-10-17T20:11:47","date_gmt":"2021-10-17T23:11:47","guid":{"rendered":"https:\/\/www.oceano-azul.com.ar\/oceanoazul\/?page_id=517"},"modified":"2021-10-17T20:29:35","modified_gmt":"2021-10-17T23:29:35","slug":"post","status":"publish","type":"page","link":"https:\/\/www.oceano-azul.com.ar\/oceanoazul\/post\/","title":{"rendered":"Post"},"content":{"rendered":"<div class=\"pt-cv-wrapper\"><div class=\"pt-cv-view pt-cv-grid pt-cv-colsys\" id=\"pt-cv-view-a3ffe5apmc\"><div data-id=\"pt-cv-page-1\" class=\"pt-cv-page\" data-cvc=\"3\"><div class=\"col-md-4 col-sm-6 col-xs-12 pt-cv-content-item pt-cv-1-col\" ><div class='pt-cv-ifield'><a href=\"https:\/\/www.oceano-azul.com.ar\/oceanoazul\/2021\/10\/17\/un-mapa-de-intereses\/\" class=\"_self pt-cv-href-thumbnail pt-cv-thumb-default\" target=\"_self\" ><img loading=\"lazy\" decoding=\"async\" width=\"300\" height=\"300\" src=\"https:\/\/www.oceano-azul.com.ar\/oceanoazul\/wp-content\/uploads\/2021\/10\/7b-300x300.jpg\" class=\"pt-cv-thumbnail\" alt=\"\" srcset=\"https:\/\/www.oceano-azul.com.ar\/oceanoazul\/wp-content\/uploads\/2021\/10\/7b-300x300.jpg 300w, https:\/\/www.oceano-azul.com.ar\/oceanoazul\/wp-content\/uploads\/2021\/10\/7b-150x150.jpg 150w, https:\/\/www.oceano-azul.com.ar\/oceanoazul\/wp-content\/uploads\/2021\/10\/7b-100x100.jpg 100w, https:\/\/www.oceano-azul.com.ar\/oceanoazul\/wp-content\/uploads\/2021\/10\/7b.jpg 480w\" sizes=\"auto, 100vw\" \/><\/a>\n<h4 class=\"pt-cv-title\"><a href=\"https:\/\/www.oceano-azul.com.ar\/oceanoazul\/2021\/10\/17\/un-mapa-de-intereses\/\" class=\"_self\" target=\"_self\" >Un Mapa de Intereses<\/a><\/h4>\n<div class=\"pt-cv-content\">20 DE OCTUBRE DE 2020 &#x1f4dd;En el art\u00edculo de nuestro blog del viernes, te regalamos un recurso muy interesante para ...<br \/><div class=\"pt-cv-rmwrap\"><a href=\"https:\/\/www.oceano-azul.com.ar\/oceanoazul\/2021\/10\/17\/un-mapa-de-intereses\/\" class=\"_self pt-cv-readmore btn btn-success\" target=\"_self\">Leer M\u00e1s<\/a><\/div><\/div><\/div><\/div>\n<div class=\"col-md-4 col-sm-6 col-xs-12 pt-cv-content-item pt-cv-1-col\" ><div class='pt-cv-ifield'><a href=\"https:\/\/www.oceano-azul.com.ar\/oceanoazul\/2021\/10\/17\/que-queres-ser-cuando-seas-grande\/\" class=\"_self pt-cv-href-thumbnail pt-cv-thumb-default\" target=\"_self\" ><img loading=\"lazy\" decoding=\"async\" width=\"298\" height=\"300\" src=\"https:\/\/www.oceano-azul.com.ar\/oceanoazul\/wp-content\/uploads\/2021\/10\/6-298x300.png\" class=\"pt-cv-thumbnail\" alt=\"\" srcset=\"https:\/\/www.oceano-azul.com.ar\/oceanoazul\/wp-content\/uploads\/2021\/10\/6-298x300.png 298w, https:\/\/www.oceano-azul.com.ar\/oceanoazul\/wp-content\/uploads\/2021\/10\/6-150x150.png 150w, https:\/\/www.oceano-azul.com.ar\/oceanoazul\/wp-content\/uploads\/2021\/10\/6-100x100.png 100w, https:\/\/www.oceano-azul.com.ar\/oceanoazul\/wp-content\/uploads\/2021\/10\/6.png 343w\" sizes=\"auto, 100vw\" \/><\/a>\n<h4 class=\"pt-cv-title\"><a href=\"https:\/\/www.oceano-azul.com.ar\/oceanoazul\/2021\/10\/17\/que-queres-ser-cuando-seas-grande\/\" class=\"_self\" target=\"_self\" >\u00bfQu\u00e9 quer\u00e9s ser cuando seas grande?<\/a><\/h4>\n<div class=\"pt-cv-content\">16 DE OCTUBRE DE 2020 Esa pregunta se la hicieron a mi sobrino de 10 a\u00f1os y contest\u00f3: \u201ccirujano\u201d&#x1f468;&#x1f3fd;&#x200d;&#x2695;...Raro porque ...<br \/><div class=\"pt-cv-rmwrap\"><a href=\"https:\/\/www.oceano-azul.com.ar\/oceanoazul\/2021\/10\/17\/que-queres-ser-cuando-seas-grande\/\" class=\"_self pt-cv-readmore btn btn-success\" target=\"_self\">Leer M\u00e1s<\/a><\/div><\/div><\/div><\/div>\n<div class=\"col-md-4 col-sm-6 col-xs-12 pt-cv-content-item pt-cv-1-col\" ><div class='pt-cv-ifield'><a href=\"https:\/\/www.oceano-azul.com.ar\/oceanoazul\/2021\/10\/17\/cuales-son-tus-suenos\/\" class=\"_self pt-cv-href-thumbnail pt-cv-thumb-default\" target=\"_self\" ><img loading=\"lazy\" decoding=\"async\" width=\"300\" height=\"295\" src=\"https:\/\/www.oceano-azul.com.ar\/oceanoazul\/wp-content\/uploads\/2021\/10\/5-300x295.png\" class=\"pt-cv-thumbnail\" alt=\"\" srcset=\"https:\/\/www.oceano-azul.com.ar\/oceanoazul\/wp-content\/uploads\/2021\/10\/5-300x295.png 300w, https:\/\/www.oceano-azul.com.ar\/oceanoazul\/wp-content\/uploads\/2021\/10\/5.png 360w\" sizes=\"auto, 100vw\" \/><\/a>\n<h4 class=\"pt-cv-title\"><a href=\"https:\/\/www.oceano-azul.com.ar\/oceanoazul\/2021\/10\/17\/cuales-son-tus-suenos\/\" class=\"_self\" target=\"_self\" >\u00bfCu\u00e1les son tus sue\u00f1os?<\/a><\/h4>\n<div class=\"pt-cv-content\">13 DE OCTUBRE DE 2020 &#x25b6;Has escuchado varias veces estos dos t\u00e9rminos, y se usan tantas veces juntos, que a ...<br \/><div class=\"pt-cv-rmwrap\"><a href=\"https:\/\/www.oceano-azul.com.ar\/oceanoazul\/2021\/10\/17\/cuales-son-tus-suenos\/\" class=\"_self pt-cv-readmore btn btn-success\" target=\"_self\">Leer M\u00e1s<\/a><\/div><\/div><\/div><\/div>\n<div class=\"col-md-4 col-sm-6 col-xs-12 pt-cv-content-item pt-cv-1-col\" ><div class='pt-cv-ifield'><a href=\"https:\/\/www.oceano-azul.com.ar\/oceanoazul\/2021\/10\/17\/sabian-que-comprar-es-una-profesion\/\" class=\"_self pt-cv-href-thumbnail pt-cv-thumb-default\" target=\"_self\" ><img loading=\"lazy\" decoding=\"async\" width=\"300\" height=\"300\" src=\"https:\/\/www.oceano-azul.com.ar\/oceanoazul\/wp-content\/uploads\/2021\/10\/4b-300x300.png\" class=\"pt-cv-thumbnail\" alt=\"\" srcset=\"https:\/\/www.oceano-azul.com.ar\/oceanoazul\/wp-content\/uploads\/2021\/10\/4b-300x300.png 300w, https:\/\/www.oceano-azul.com.ar\/oceanoazul\/wp-content\/uploads\/2021\/10\/4b-150x150.png 150w, https:\/\/www.oceano-azul.com.ar\/oceanoazul\/wp-content\/uploads\/2021\/10\/4b-100x100.png 100w, https:\/\/www.oceano-azul.com.ar\/oceanoazul\/wp-content\/uploads\/2021\/10\/4b.png 359w\" sizes=\"auto, 100vw\" \/><\/a>\n<h4 class=\"pt-cv-title\"><a href=\"https:\/\/www.oceano-azul.com.ar\/oceanoazul\/2021\/10\/17\/sabian-que-comprar-es-una-profesion\/\" class=\"_self\" target=\"_self\" >Sab\u00edan que \u201ccomprar\u201d es una profesi\u00f3n?<\/a><\/h4>\n<div class=\"pt-cv-content\">9 DE OCTUBRE DE 2020 #YoCompradorAs\u00ed es&#x2755;. Y si bien es una carrera que tiene muchas d\u00e9cadas, muy anterior al ...<br \/><div class=\"pt-cv-rmwrap\"><a href=\"https:\/\/www.oceano-azul.com.ar\/oceanoazul\/2021\/10\/17\/sabian-que-comprar-es-una-profesion\/\" class=\"_self pt-cv-readmore btn btn-success\" target=\"_self\">Leer M\u00e1s<\/a><\/div><\/div><\/div><\/div>\n<div class=\"col-md-4 col-sm-6 col-xs-12 pt-cv-content-item pt-cv-1-col\" ><div class='pt-cv-ifield'><a href=\"https:\/\/www.oceano-azul.com.ar\/oceanoazul\/2021\/10\/17\/estas-de-acuerdo-con-robertkiyosaki\/\" class=\"_self pt-cv-href-thumbnail pt-cv-thumb-default\" target=\"_self\" ><img loading=\"lazy\" decoding=\"async\" width=\"300\" height=\"300\" src=\"https:\/\/www.oceano-azul.com.ar\/oceanoazul\/wp-content\/uploads\/2021\/10\/3-300x300.png\" class=\"pt-cv-thumbnail\" alt=\"\" srcset=\"https:\/\/www.oceano-azul.com.ar\/oceanoazul\/wp-content\/uploads\/2021\/10\/3-300x300.png 300w, https:\/\/www.oceano-azul.com.ar\/oceanoazul\/wp-content\/uploads\/2021\/10\/3-150x150.png 150w, https:\/\/www.oceano-azul.com.ar\/oceanoazul\/wp-content\/uploads\/2021\/10\/3-100x100.png 100w, https:\/\/www.oceano-azul.com.ar\/oceanoazul\/wp-content\/uploads\/2021\/10\/3.png 359w\" sizes=\"auto, 100vw\" \/><\/a>\n<h4 class=\"pt-cv-title\"><a href=\"https:\/\/www.oceano-azul.com.ar\/oceanoazul\/2021\/10\/17\/estas-de-acuerdo-con-robertkiyosaki\/\" class=\"_self\" target=\"_self\" >Est\u00e1s de acuerdo con #RobertKiyosaki ?<\/a><\/h4>\n<div class=\"pt-cv-content\">6 DE OCTUBRE DE 2020 Entramos en la 4ta Revoluci\u00f3n Industrial: La Era del Conocimiento, as\u00ed que en Oc\u00e9ano Azul ...<br \/><div class=\"pt-cv-rmwrap\"><a href=\"https:\/\/www.oceano-azul.com.ar\/oceanoazul\/2021\/10\/17\/estas-de-acuerdo-con-robertkiyosaki\/\" class=\"_self pt-cv-readmore btn btn-success\" target=\"_self\">Leer M\u00e1s<\/a><\/div><\/div><\/div><\/div>\n<div class=\"col-md-4 col-sm-6 col-xs-12 pt-cv-content-item pt-cv-1-col\" ><div class='pt-cv-ifield'><a href=\"https:\/\/www.oceano-azul.com.ar\/oceanoazul\/2021\/10\/17\/2-de-octubre-de-2020\/\" class=\"_self pt-cv-href-thumbnail pt-cv-thumb-default\" target=\"_self\" ><img loading=\"lazy\" decoding=\"async\" width=\"297\" height=\"300\" src=\"https:\/\/www.oceano-azul.com.ar\/oceanoazul\/wp-content\/uploads\/2021\/10\/2-297x300.png\" class=\"pt-cv-thumbnail\" alt=\"\" srcset=\"https:\/\/www.oceano-azul.com.ar\/oceanoazul\/wp-content\/uploads\/2021\/10\/2-297x300.png 297w, https:\/\/www.oceano-azul.com.ar\/oceanoazul\/wp-content\/uploads\/2021\/10\/2-100x100.png 100w, https:\/\/www.oceano-azul.com.ar\/oceanoazul\/wp-content\/uploads\/2021\/10\/2.png 354w\" sizes=\"auto, 100vw\" \/><\/a>\n<h4 class=\"pt-cv-title\"><a href=\"https:\/\/www.oceano-azul.com.ar\/oceanoazul\/2021\/10\/17\/2-de-octubre-de-2020\/\" class=\"_self\" target=\"_self\" >\u00bfC\u00f3mo o d\u00f3nde te imaginas estar en 5 o 10 a\u00f1os?<\/a><\/h4>\n<div class=\"pt-cv-content\">2 DE OCTUBRE DE 2020 Alguna vez te hicieron esta pregunta? Ojal\u00e1 que al menos te la hagas vos..Si no ...<br \/><div class=\"pt-cv-rmwrap\"><a href=\"https:\/\/www.oceano-azul.com.ar\/oceanoazul\/2021\/10\/17\/2-de-octubre-de-2020\/\" class=\"_self pt-cv-readmore btn btn-success\" target=\"_self\">Leer M\u00e1s<\/a><\/div><\/div><\/div><\/div><\/div><\/div>\n<div class=\" pt-cv-pagination-wrapper\"><ul class=\"pt-cv-pagination pt-cv-ajax pagination\" data-totalpages=\"2\" data-currentpage=\"1\" data-sid=\"a3ffe5apmc\" data-unid=\"\" data-isblock=\"\" data-postid=\"\"><li class=\"active\"><a href=\"#\">1<\/a><\/li>\n\t<li ><a class=\"\" href=\"https:\/\/www.oceano-azul.com.ar\/oceanoazul\/wp-json\/wp\/v2\/pages\/517\/?_page=2\">2<\/a><\/li>\n\t<li ><a class=\" \" href=\"https:\/\/www.oceano-azul.com.ar\/oceanoazul\/wp-json\/wp\/v2\/pages\/517\/?_page=2\">&rsaquo;<\/a><\/li>\n\t<\/ul><img loading=\"lazy\" decoding=\"async\" width=\"15\" height=\"15\" class=\"pt-cv-spinner\" alt=\"Loading...\" src=\"data:image\/gif;base64,R0lGODlhDwAPALMPAMrKygwMDJOTkz09PZWVla+vr3p6euTk5M7OzuXl5TMzMwAAAJmZmWZmZszMzP\/\/\/yH\/C05FVFNDQVBFMi4wAwEAAAAh+QQFCgAPACwAAAAADwAPAAAEQvDJaZaZOIcV8iQK8VRX4iTYoAwZ4iCYoAjZ4RxejhVNoT+mRGP4cyF4Pp0N98sBGIBMEMOotl6YZ3S61Bmbkm4mAgAh+QQFCgAPACwAAAAADQANAAAENPDJSRSZeA418itN8QiK8BiLITVsFiyBBIoYqnoewAD4xPw9iY4XLGYSjkQR4UAUD45DLwIAIfkEBQoADwAsAAAAAA8ACQAABC\/wyVlamTi3nSdgwFNdhEJgTJoNyoB9ISYoQmdjiZPcj7EYCAeCF1gEDo4Dz2eIAAAh+QQFCgAPACwCAAAADQANAAAEM\/DJBxiYeLKdX3IJZT1FU0iIg2RNKx3OkZVnZ98ToRD4MyiDnkAh6BkNC0MvsAj0kMpHBAAh+QQFCgAPACwGAAAACQAPAAAEMDC59KpFDll73HkAA2wVY5KgiK5b0RRoI6MuzG6EQqCDMlSGheEhUAgqgUUAFRySIgAh+QQFCgAPACwCAAIADQANAAAEM\/DJKZNLND\/kkKaHc3xk+QAMYDKsiaqmZCxGVjSFFCxB1vwy2oOgIDxuucxAMTAJFAJNBAAh+QQFCgAPACwAAAYADwAJAAAEMNAs86q1yaWwwv2Ig0jUZx3OYa4XoRAfwADXoAwfo1+CIjyFRuEho60aSNYlOPxEAAAh+QQFCgAPACwAAAIADQANAAAENPA9s4y8+IUVcqaWJ4qEQozSoAzoIyhCK2NFU2SJk0hNnyEOhKR2AzAAj4Pj4GE4W0bkJQIAOw==\" \/><div class=\"clear pt-cv-clear-pagination\"><\/div><\/div><\/div>\n","protected":false},"excerpt":{"rendered":"","protected":false},"author":2,"featured_media":0,"parent":0,"menu_order":0,"comment_status":"closed","ping_status":"closed","template":"","meta":{"footnotes":""},"class_list":["post-517","page","type-page","status-publish","hentry"],"_links":{"self":[{"href":"https:\/\/www.oceano-azul.com.ar\/oceanoazul\/wp-json\/wp\/v2\/pages\/517","targetHints":{"allow":["GET"]}}],"collection":[{"href":"https:\/\/www.oceano-azul.com.ar\/oceanoazul\/wp-json\/wp\/v2\/pages"}],"about":[{"href":"https:\/\/www.oceano-azul.com.ar\/oceanoazul\/wp-json\/wp\/v2\/types\/page"}],"author":[{"embeddable":true,"href":"https:\/\/www.oceano-azul.com.ar\/oceanoazul\/wp-json\/wp\/v2\/users\/2"}],"replies":[{"embeddable":true,"href":"https:\/\/www.oceano-azul.com.ar\/oceanoazul\/wp-json\/wp\/v2\/comments?post=517"}],"version-history":[{"count":3,"href":"https:\/\/www.oceano-azul.com.ar\/oceanoazul\/wp-json\/wp\/v2\/pages\/517\/revisions"}],"predecessor-version":[{"id":521,"href":"https:\/\/www.oceano-azul.com.ar\/oceanoazul\/wp-json\/wp\/v2\/pages\/517\/revisions\/521"}],"wp:attachment":[{"href":"https:\/\/www.oceano-azul.com.ar\/oceanoazul\/wp-json\/wp\/v2\/media?parent=517"}],"curies":[{"name":"wp","href":"https:\/\/api.w.org\/{rel}","templated":true}]}}