{"id":53,"date":"2020-08-12T12:48:38","date_gmt":"2020-08-12T15:48:38","guid":{"rendered":"http:\/\/www.oceano-azul.com.ar\/oceanoazul\/?page_id=53"},"modified":"2022-05-18T21:03:30","modified_gmt":"2022-05-19T00:03:30","slug":"sobre-la-fundadora","status":"publish","type":"page","link":"https:\/\/www.oceano-azul.com.ar\/oceanoazul\/sobre-la-fundadora\/","title":{"rendered":"El equipo"},"content":{"rendered":"\n<p>Profesionales multidisciplinarios, que entienden el mercado local para brindar soluciones integrales y adecuadas a las necesidades en temas de consultor\u00eda, asesoramiento y capacitaci\u00f3n.<\/p>\n\n\n\n<p>Sumamos conocimiento, experiencia y estrategia para colaborar en la identificaci\u00f3n de problemas o debilidades, anticipando soluciones y planificando oportunidades.<\/p>\n\n\n\n<figure class=\"wp-block-image size-full\"><img loading=\"lazy\" decoding=\"async\" width=\"741\" height=\"264\" src=\"https:\/\/www.oceano-azul.com.ar\/oceanoazul\/wp-content\/uploads\/2022\/05\/QUIENES-SOMOS.png\" alt=\"\" class=\"wp-image-615\" srcset=\"https:\/\/www.oceano-azul.com.ar\/oceanoazul\/wp-content\/uploads\/2022\/05\/QUIENES-SOMOS.png 741w, https:\/\/www.oceano-azul.com.ar\/oceanoazul\/wp-content\/uploads\/2022\/05\/QUIENES-SOMOS-300x107.png 300w\" sizes=\"auto, (max-width: 706px) 89vw, (max-width: 767px) 82vw, 740px\" \/><\/figure>\n","protected":false},"excerpt":{"rendered":"<p>Profesionales multidisciplinarios, que entienden el mercado local para brindar soluciones integrales y adecuadas a las necesidades en temas de consultor\u00eda, asesoramiento y capacitaci\u00f3n. Sumamos conocimiento, experiencia y estrategia para colaborar en la identificaci\u00f3n de problemas o debilidades, anticipando soluciones y planificando oportunidades.<\/p>\n","protected":false},"author":3,"featured_media":0,"parent":0,"menu_order":0,"comment_status":"closed","ping_status":"closed","template":"","meta":{"footnotes":""},"class_list":["post-53","page","type-page","status-publish","hentry"],"_links":{"self":[{"href":"https:\/\/www.oceano-azul.com.ar\/oceanoazul\/wp-json\/wp\/v2\/pages\/53","targetHints":{"allow":["GET"]}}],"collection":[{"href":"https:\/\/www.oceano-azul.com.ar\/oceanoazul\/wp-json\/wp\/v2\/pages"}],"about":[{"href":"https:\/\/www.oceano-azul.com.ar\/oceanoazul\/wp-json\/wp\/v2\/types\/page"}],"author":[{"embeddable":true,"href":"https:\/\/www.oceano-azul.com.ar\/oceanoazul\/wp-json\/wp\/v2\/users\/3"}],"replies":[{"embeddable":true,"href":"https:\/\/www.oceano-azul.com.ar\/oceanoazul\/wp-json\/wp\/v2\/comments?post=53"}],"version-history":[{"count":27,"href":"https:\/\/www.oceano-azul.com.ar\/oceanoazul\/wp-json\/wp\/v2\/pages\/53\/revisions"}],"predecessor-version":[{"id":616,"href":"https:\/\/www.oceano-azul.com.ar\/oceanoazul\/wp-json\/wp\/v2\/pages\/53\/revisions\/616"}],"wp:attachment":[{"href":"https:\/\/www.oceano-azul.com.ar\/oceanoazul\/wp-json\/wp\/v2\/media?parent=53"}],"curies":[{"name":"wp","href":"https:\/\/api.w.org\/{rel}","templated":true}]}}