{"id":75,"date":"2020-09-16T21:47:20","date_gmt":"2020-09-17T00:47:20","guid":{"rendered":"http:\/\/www.oceano-azul.com.ar\/oceanoazul\/?page_id=75"},"modified":"2020-10-16T08:23:48","modified_gmt":"2020-10-16T11:23:48","slug":"recursos","status":"publish","type":"page","link":"https:\/\/www.oceano-azul.com.ar\/oceanoazul\/recursos\/","title":{"rendered":"Recursos"},"content":{"rendered":"\n<p>En esta p\u00e1gina compartiremos algunos recursos y herramientas que pueden ayudarte en tu desarrollo personal.&nbsp;<\/p>\n\n\n\n<p>\u00bfEn qu\u00e9 te beneficiar\u00eda adquirir estos recursos? Te ahorrar\u00e1 tiempo de seguir buscando y no saber por d\u00f3nde empezar.&nbsp;<\/p>\n\n\n\n<p>Esperamos te sean de utilidad!<\/p>\n\n\n\n<iframe loading=\"lazy\" src=\"https:\/\/docs.google.com\/forms\/d\/1E284sS2NrGbyoGZNUaX-JSq4Rx7WTv58BQeEgfvKw5Y\/viewform?embedded=true\" width=\"640\" height=\"766\" frameborder=\"0\" marginheight=\"0\" marginwidth=\"0\">Cargando\u2026<\/iframe>\n\n\n\n<p>Oceano Azul \u00a9 2020.All Rights Reserved.<\/p>\n","protected":false},"excerpt":{"rendered":"<p>En esta p\u00e1gina compartiremos algunos recursos y herramientas que pueden ayudarte en tu desarrollo personal.&nbsp; \u00bfEn qu\u00e9 te beneficiar\u00eda adquirir estos recursos? Te ahorrar\u00e1 tiempo de seguir buscando y no saber por d\u00f3nde empezar.&nbsp; Esperamos te sean de utilidad! Cargando\u2026 Oceano Azul \u00a9 2020.All Rights Reserved.<\/p>\n","protected":false},"author":2,"featured_media":0,"parent":0,"menu_order":0,"comment_status":"closed","ping_status":"closed","template":"","meta":{"footnotes":""},"class_list":["post-75","page","type-page","status-publish","hentry"],"_links":{"self":[{"href":"https:\/\/www.oceano-azul.com.ar\/oceanoazul\/wp-json\/wp\/v2\/pages\/75","targetHints":{"allow":["GET"]}}],"collection":[{"href":"https:\/\/www.oceano-azul.com.ar\/oceanoazul\/wp-json\/wp\/v2\/pages"}],"about":[{"href":"https:\/\/www.oceano-azul.com.ar\/oceanoazul\/wp-json\/wp\/v2\/types\/page"}],"author":[{"embeddable":true,"href":"https:\/\/www.oceano-azul.com.ar\/oceanoazul\/wp-json\/wp\/v2\/users\/2"}],"replies":[{"embeddable":true,"href":"https:\/\/www.oceano-azul.com.ar\/oceanoazul\/wp-json\/wp\/v2\/comments?post=75"}],"version-history":[{"count":5,"href":"https:\/\/www.oceano-azul.com.ar\/oceanoazul\/wp-json\/wp\/v2\/pages\/75\/revisions"}],"predecessor-version":[{"id":299,"href":"https:\/\/www.oceano-azul.com.ar\/oceanoazul\/wp-json\/wp\/v2\/pages\/75\/revisions\/299"}],"wp:attachment":[{"href":"https:\/\/www.oceano-azul.com.ar\/oceanoazul\/wp-json\/wp\/v2\/media?parent=75"}],"curies":[{"name":"wp","href":"https:\/\/api.w.org\/{rel}","templated":true}]}}